{"id":740,"date":"2019-07-14T10:35:56","date_gmt":"2019-07-14T10:35:56","guid":{"rendered":"https:\/\/quebichotemordeu.com\/cantinho\/?page_id=740"},"modified":"2019-07-14T10:35:56","modified_gmt":"2019-07-14T10:35:56","slug":"contacto","status":"publish","type":"page","link":"https:\/\/quebichotemordeu.com\/cantinho\/contacto\/","title":{"rendered":"Contacto"},"content":{"rendered":"<p>&nbsp;<\/p>\n<hr>\n<p><img loading=\"lazy\" decoding=\"async\" class=\"wp-image-1021 aligncenter\" src=\"https:\/\/quebichotemordeu.com\/wp-content\/uploads\/2019\/05\/fbface.png\" alt=\"\" width=\"677\" height=\"270\"><br \/>\nEnvie as suas d\u00favidas, coment\u00e1rios, sugest\u00f5es, cr\u00edticas ou qualquer assunto relacionado com o site. Prometemos ser r\u00e1pidos na resposta.<\/p>\n\n<div class=\"wpcf7 no-js\" id=\"wpcf7-f743-o1\" lang=\"pt-PT\" dir=\"ltr\" data-wpcf7-id=\"743\">\n<div class=\"screen-reader-response\"><p role=\"status\" aria-live=\"polite\" aria-atomic=\"true\"><\/p> <ul><\/ul><\/div>\n<form action=\"\/cantinho\/wp-json\/wp\/v2\/pages\/740#wpcf7-f743-o1\" method=\"post\" class=\"wpcf7-form init\" aria-label=\"Formul\u00e1rio de contacto\" novalidate=\"novalidate\" data-status=\"init\">\n<div style=\"display: none;\">\n<input type=\"hidden\" name=\"_wpcf7\" value=\"743\" \/>\n<input type=\"hidden\" name=\"_wpcf7_version\" value=\"6.0.5\" \/>\n<input type=\"hidden\" name=\"_wpcf7_locale\" value=\"pt_PT\" \/>\n<input type=\"hidden\" name=\"_wpcf7_unit_tag\" value=\"wpcf7-f743-o1\" \/>\n<input type=\"hidden\" name=\"_wpcf7_container_post\" value=\"0\" \/>\n<input type=\"hidden\" name=\"_wpcf7_posted_data_hash\" value=\"\" \/>\n<input type=\"hidden\" name=\"_wpcf7_recaptcha_response\" value=\"\" \/>\n<\/div>\n<p><label> O seu nome (obrigat\u00f3rio)<br \/>\n<span class=\"wpcf7-form-control-wrap\" data-name=\"your-name\"><input size=\"40\" maxlength=\"400\" class=\"wpcf7-form-control wpcf7-text wpcf7-validates-as-required\" aria-required=\"true\" aria-invalid=\"false\" value=\"\" type=\"text\" name=\"your-name\" \/><\/span> <\/label>\n<\/p>\n<p><label> O seu email (obrigat\u00f3rio)<br \/>\n<span class=\"wpcf7-form-control-wrap\" data-name=\"your-email\"><input size=\"40\" maxlength=\"400\" class=\"wpcf7-form-control wpcf7-email wpcf7-validates-as-required wpcf7-text wpcf7-validates-as-email\" aria-required=\"true\" aria-invalid=\"false\" value=\"\" type=\"email\" name=\"your-email\" \/><\/span> <\/label>\n<\/p>\n<p><label> Assunto<br \/>\n<span class=\"wpcf7-form-control-wrap\" data-name=\"your-subject\"><input size=\"40\" maxlength=\"400\" class=\"wpcf7-form-control wpcf7-text\" aria-invalid=\"false\" value=\"\" type=\"text\" name=\"your-subject\" \/><\/span> <\/label>\n<\/p>\n<p><label> A sua mensagem<br \/>\n<span class=\"wpcf7-form-control-wrap\" data-name=\"your-message\"><textarea cols=\"40\" rows=\"10\" maxlength=\"2000\" class=\"wpcf7-form-control wpcf7-textarea\" aria-invalid=\"false\" name=\"your-message\"><\/textarea><\/span> <\/label>\n<\/p>\n<p><input class=\"wpcf7-form-control wpcf7-submit has-spinner\" type=\"submit\" value=\"Enviar\" \/>\n<\/p><div class=\"wpcf7-response-output\" aria-hidden=\"true\"><\/div>\n<\/form>\n<\/div>\n\n","protected":false},"excerpt":{"rendered":"<p>&nbsp; Envie as suas d\u00favidas, coment\u00e1rios, sugest\u00f5es, cr\u00edticas ou qualquer assunto relacionado com o site. Prometemos ser r\u00e1pidos na resposta.<\/p>\n","protected":false},"author":1,"featured_media":0,"parent":0,"menu_order":0,"comment_status":"closed","ping_status":"closed","template":"","meta":{"footnotes":""},"class_list":["post-740","page","type-page","status-publish"],"yoast_head":"<!-- This site is optimized with the Yoast SEO plugin v24.6 - https:\/\/yoast.com\/wordpress\/plugins\/seo\/ -->\n<title>Contacto - O cantinho dos Pap\u00e1s<\/title>\n<meta name=\"description\" content=\"Envie-nos as suas d\u00favidas, coment\u00e1rios, sugest\u00f5es, cr\u00edticas ou qualquer assunto relacionado com o site. Prometemos ser r\u00e1pidos na resposta.\" \/>\n<meta name=\"robots\" content=\"index, follow, max-snippet:-1, max-image-preview:large, max-video-preview:-1\" \/>\n<link rel=\"canonical\" href=\"https:\/\/quebichotemordeu.com\/cantinho\/contacto\/\" \/>\n<meta property=\"og:locale\" content=\"pt_PT\" \/>\n<meta property=\"og:type\" content=\"article\" \/>\n<meta property=\"og:title\" content=\"Contacto - O cantinho dos Pap\u00e1s\" \/>\n<meta property=\"og:description\" content=\"Envie-nos as suas d\u00favidas, coment\u00e1rios, sugest\u00f5es, cr\u00edticas ou qualquer assunto relacionado com o site. Prometemos ser r\u00e1pidos na resposta.\" \/>\n<meta property=\"og:url\" content=\"https:\/\/quebichotemordeu.com\/cantinho\/contacto\/\" \/>\n<meta property=\"og:site_name\" content=\"O cantinho dos Pap\u00e1s\" \/>\n<meta property=\"og:image\" content=\"https:\/\/quebichotemordeu.com\/wp-content\/uploads\/2019\/05\/fbface.png\" \/>\n<meta name=\"twitter:card\" content=\"summary_large_image\" \/>\n<script type=\"application\/ld+json\" class=\"yoast-schema-graph\">{\"@context\":\"https:\/\/schema.org\",\"@graph\":[{\"@type\":\"WebPage\",\"@id\":\"https:\/\/quebichotemordeu.com\/cantinho\/contacto\/\",\"url\":\"https:\/\/quebichotemordeu.com\/cantinho\/contacto\/\",\"name\":\"Contacto - O cantinho dos Pap\u00e1s\",\"isPartOf\":{\"@id\":\"https:\/\/quebichotemordeu.com\/cantinho\/#website\"},\"primaryImageOfPage\":{\"@id\":\"https:\/\/quebichotemordeu.com\/cantinho\/contacto\/#primaryimage\"},\"image\":{\"@id\":\"https:\/\/quebichotemordeu.com\/cantinho\/contacto\/#primaryimage\"},\"thumbnailUrl\":\"https:\/\/quebichotemordeu.com\/wp-content\/uploads\/2019\/05\/fbface.png\",\"datePublished\":\"2019-07-14T10:35:56+00:00\",\"description\":\"Envie-nos as suas d\u00favidas, coment\u00e1rios, sugest\u00f5es, cr\u00edticas ou qualquer assunto relacionado com o site. Prometemos ser r\u00e1pidos na resposta.\",\"breadcrumb\":{\"@id\":\"https:\/\/quebichotemordeu.com\/cantinho\/contacto\/#breadcrumb\"},\"inLanguage\":\"pt-PT\",\"potentialAction\":[{\"@type\":\"ReadAction\",\"target\":[\"https:\/\/quebichotemordeu.com\/cantinho\/contacto\/\"]}]},{\"@type\":\"ImageObject\",\"inLanguage\":\"pt-PT\",\"@id\":\"https:\/\/quebichotemordeu.com\/cantinho\/contacto\/#primaryimage\",\"url\":\"https:\/\/quebichotemordeu.com\/wp-content\/uploads\/2019\/05\/fbface.png\",\"contentUrl\":\"https:\/\/quebichotemordeu.com\/wp-content\/uploads\/2019\/05\/fbface.png\"},{\"@type\":\"BreadcrumbList\",\"@id\":\"https:\/\/quebichotemordeu.com\/cantinho\/contacto\/#breadcrumb\",\"itemListElement\":[{\"@type\":\"ListItem\",\"position\":1,\"name\":\"In\u00edcio\",\"item\":\"https:\/\/quebichotemordeu.com\/cantinho\/\"},{\"@type\":\"ListItem\",\"position\":2,\"name\":\"Contacto\"}]},{\"@type\":\"WebSite\",\"@id\":\"https:\/\/quebichotemordeu.com\/cantinho\/#website\",\"url\":\"https:\/\/quebichotemordeu.com\/cantinho\/\",\"name\":\"O cantinho dos Pap\u00e1s\",\"description\":\"Mais um site Sites de Que Bicho Te Mordeu\",\"potentialAction\":[{\"@type\":\"SearchAction\",\"target\":{\"@type\":\"EntryPoint\",\"urlTemplate\":\"https:\/\/quebichotemordeu.com\/cantinho\/?s={search_term_string}\"},\"query-input\":{\"@type\":\"PropertyValueSpecification\",\"valueRequired\":true,\"valueName\":\"search_term_string\"}}],\"inLanguage\":\"pt-PT\"}]}<\/script>\n<!-- \/ Yoast SEO plugin. -->","yoast_head_json":{"title":"Contacto - O cantinho dos Pap\u00e1s","description":"Envie-nos as suas d\u00favidas, coment\u00e1rios, sugest\u00f5es, cr\u00edticas ou qualquer assunto relacionado com o site. Prometemos ser r\u00e1pidos na resposta.","robots":{"index":"index","follow":"follow","max-snippet":"max-snippet:-1","max-image-preview":"max-image-preview:large","max-video-preview":"max-video-preview:-1"},"canonical":"https:\/\/quebichotemordeu.com\/cantinho\/contacto\/","og_locale":"pt_PT","og_type":"article","og_title":"Contacto - O cantinho dos Pap\u00e1s","og_description":"Envie-nos as suas d\u00favidas, coment\u00e1rios, sugest\u00f5es, cr\u00edticas ou qualquer assunto relacionado com o site. Prometemos ser r\u00e1pidos na resposta.","og_url":"https:\/\/quebichotemordeu.com\/cantinho\/contacto\/","og_site_name":"O cantinho dos Pap\u00e1s","og_image":[{"url":"https:\/\/quebichotemordeu.com\/wp-content\/uploads\/2019\/05\/fbface.png","type":"","width":"","height":""}],"twitter_card":"summary_large_image","schema":{"@context":"https:\/\/schema.org","@graph":[{"@type":"WebPage","@id":"https:\/\/quebichotemordeu.com\/cantinho\/contacto\/","url":"https:\/\/quebichotemordeu.com\/cantinho\/contacto\/","name":"Contacto - O cantinho dos Pap\u00e1s","isPartOf":{"@id":"https:\/\/quebichotemordeu.com\/cantinho\/#website"},"primaryImageOfPage":{"@id":"https:\/\/quebichotemordeu.com\/cantinho\/contacto\/#primaryimage"},"image":{"@id":"https:\/\/quebichotemordeu.com\/cantinho\/contacto\/#primaryimage"},"thumbnailUrl":"https:\/\/quebichotemordeu.com\/wp-content\/uploads\/2019\/05\/fbface.png","datePublished":"2019-07-14T10:35:56+00:00","description":"Envie-nos as suas d\u00favidas, coment\u00e1rios, sugest\u00f5es, cr\u00edticas ou qualquer assunto relacionado com o site. Prometemos ser r\u00e1pidos na resposta.","breadcrumb":{"@id":"https:\/\/quebichotemordeu.com\/cantinho\/contacto\/#breadcrumb"},"inLanguage":"pt-PT","potentialAction":[{"@type":"ReadAction","target":["https:\/\/quebichotemordeu.com\/cantinho\/contacto\/"]}]},{"@type":"ImageObject","inLanguage":"pt-PT","@id":"https:\/\/quebichotemordeu.com\/cantinho\/contacto\/#primaryimage","url":"https:\/\/quebichotemordeu.com\/wp-content\/uploads\/2019\/05\/fbface.png","contentUrl":"https:\/\/quebichotemordeu.com\/wp-content\/uploads\/2019\/05\/fbface.png"},{"@type":"BreadcrumbList","@id":"https:\/\/quebichotemordeu.com\/cantinho\/contacto\/#breadcrumb","itemListElement":[{"@type":"ListItem","position":1,"name":"In\u00edcio","item":"https:\/\/quebichotemordeu.com\/cantinho\/"},{"@type":"ListItem","position":2,"name":"Contacto"}]},{"@type":"WebSite","@id":"https:\/\/quebichotemordeu.com\/cantinho\/#website","url":"https:\/\/quebichotemordeu.com\/cantinho\/","name":"O cantinho dos Pap\u00e1s","description":"Mais um site Sites de Que Bicho Te Mordeu","potentialAction":[{"@type":"SearchAction","target":{"@type":"EntryPoint","urlTemplate":"https:\/\/quebichotemordeu.com\/cantinho\/?s={search_term_string}"},"query-input":{"@type":"PropertyValueSpecification","valueRequired":true,"valueName":"search_term_string"}}],"inLanguage":"pt-PT"}]}},"_links":{"self":[{"href":"https:\/\/quebichotemordeu.com\/cantinho\/wp-json\/wp\/v2\/pages\/740","targetHints":{"allow":["GET"]}}],"collection":[{"href":"https:\/\/quebichotemordeu.com\/cantinho\/wp-json\/wp\/v2\/pages"}],"about":[{"href":"https:\/\/quebichotemordeu.com\/cantinho\/wp-json\/wp\/v2\/types\/page"}],"author":[{"embeddable":true,"href":"https:\/\/quebichotemordeu.com\/cantinho\/wp-json\/wp\/v2\/users\/1"}],"replies":[{"embeddable":true,"href":"https:\/\/quebichotemordeu.com\/cantinho\/wp-json\/wp\/v2\/comments?post=740"}],"version-history":[{"count":0,"href":"https:\/\/quebichotemordeu.com\/cantinho\/wp-json\/wp\/v2\/pages\/740\/revisions"}],"wp:attachment":[{"href":"https:\/\/quebichotemordeu.com\/cantinho\/wp-json\/wp\/v2\/media?parent=740"}],"curies":[{"name":"wp","href":"https:\/\/api.w.org\/{rel}","templated":true}]}}